{"id":334,"date":"2024-12-27T10:45:10","date_gmt":"2024-12-27T13:45:10","guid":{"rendered":"https:\/\/ceriso.com.br\/?page_id=334"},"modified":"2026-04-06T17:09:15","modified_gmt":"2026-04-06T20:09:15","slug":"portal-da-transparencia","status":"publish","type":"page","link":"https:\/\/ceriso.com.br\/index.php\/portal-da-transparencia\/","title":{"rendered":"Portal da Transpar\u00eancia"},"content":{"rendered":"\t\t<div data-elementor-type=\"wp-page\" data-elementor-id=\"334\" class=\"elementor elementor-334\" data-elementor-post-type=\"page\">\n\t\t\t\t<div class=\"elementor-element elementor-element-3397e9f2 e-flex e-con-boxed e-con e-parent\" data-id=\"3397e9f2\" data-element_type=\"container\" data-settings=\"{&quot;background_background&quot;:&quot;classic&quot;}\">\n\t\t\t\t\t<div class=\"e-con-inner\">\n\t\t<div class=\"elementor-element elementor-element-85a7e95 e-con-full e-flex e-con e-child\" data-id=\"85a7e95\" data-element_type=\"container\" data-settings=\"{&quot;background_background&quot;:&quot;classic&quot;}\">\n\t\t\t\t<div class=\"elementor-element elementor-element-738bb819 elementor-widget elementor-widget-heading\" data-id=\"738bb819\" data-element_type=\"widget\" data-widget_type=\"heading.default\">\n\t\t\t\t<div class=\"elementor-widget-container\">\n\t\t\t<h1 class=\"elementor-heading-title elementor-size-default\">Portal da Transpar\u00eancia<\/h1>\t\t<\/div>\n\t\t\t\t<\/div>\n\t\t\t\t<div class=\"elementor-element elementor-element-77cfa4c elementor-widget elementor-widget-heading\" data-id=\"77cfa4c\" data-element_type=\"widget\" data-widget_type=\"heading.default\">\n\t\t\t\t<div class=\"elementor-widget-container\">\n\t\t\t<h4 class=\"elementor-heading-title elementor-size-default\"><a href=\"https:\/\/ceriso.dcfiorilli.com.br:879\/transparencia\/\" target=\"_blank\">Para acessar o sistema de transpar\u00eancia em tempo real, clique aqui<\/a><\/h4>\t\t<\/div>\n\t\t\t\t<\/div>\n\t\t\t\t<\/div>\n\t\t\t\t\t<\/div>\n\t\t\t\t<\/div>\n\t\t<div class=\"elementor-element elementor-element-4b24bb1b e-flex e-con-boxed e-con e-parent\" data-id=\"4b24bb1b\" data-element_type=\"container\" data-settings=\"{&quot;background_background&quot;:&quot;classic&quot;}\">\n\t\t\t\t\t<div class=\"e-con-inner\">\n\t\t<div class=\"elementor-element elementor-element-1e8a0b4b e-flex e-con-boxed e-con e-child\" data-id=\"1e8a0b4b\" data-element_type=\"container\">\n\t\t\t\t\t<div class=\"e-con-inner\">\n\t\t\t\t<div class=\"elementor-element elementor-element-389637a9 elementor-widget elementor-widget-heading\" data-id=\"389637a9\" data-element_type=\"widget\" data-widget_type=\"heading.default\">\n\t\t\t\t<div class=\"elementor-widget-container\">\n\t\t\t<h2 class=\"elementor-heading-title elementor-size-default\">Transpar\u00eancia P\u00fablica<\/h2>\t\t<\/div>\n\t\t\t\t<\/div>\n\t\t\t\t<div class=\"elementor-element elementor-element-4ca6511c elementor-widget elementor-widget-heading\" data-id=\"4ca6511c\" data-element_type=\"widget\" data-widget_type=\"heading.default\">\n\t\t\t\t<div class=\"elementor-widget-container\">\n\t\t\t<h2 class=\"elementor-heading-title elementor-size-default\">Clareza | Confian\u00e7a | Compromisso<\/h2>\t\t<\/div>\n\t\t\t\t<\/div>\n\t\t\t\t\t<\/div>\n\t\t\t\t<\/div>\n\t\t<div class=\"elementor-element elementor-element-340d01c4 e-con-full e-grid e-con e-child\" data-id=\"340d01c4\" data-element_type=\"container\">\n\t\t<div class=\"elementor-element elementor-element-3ec25ee0 e-flex e-con-boxed e-con e-child\" data-id=\"3ec25ee0\" data-element_type=\"container\" data-settings=\"{&quot;background_background&quot;:&quot;classic&quot;}\">\n\t\t\t\t\t<div class=\"e-con-inner\">\n\t\t<div class=\"elementor-element elementor-element-3ea02eb2 e-con-full e-flex e-con e-child\" data-id=\"3ea02eb2\" data-element_type=\"container\">\n\t\t\t\t<div class=\"elementor-element elementor-element-1ff6e83a elementor-widget__width-initial elementor-widget elementor-widget-image\" data-id=\"1ff6e83a\" data-element_type=\"widget\" data-widget_type=\"image.default\">\n\t\t\t\t<div class=\"elementor-widget-container\">\n\t\t\t\t\t\t\t\t\t\t\t\t\t<img fetchpriority=\"high\" decoding=\"async\" width=\"300\" height=\"300\" src=\"http:\/\/ceriso.com.br\/wp-content\/uploads\/2024\/12\/Receitas-1.png\" class=\"elementor-animation-grow attachment-full size-full wp-image-313\" alt=\"\" srcset=\"http:\/\/ceriso.com.br\/wp-content\/uploads\/2024\/12\/Receitas-1.png 300w, http:\/\/ceriso.com.br\/wp-content\/uploads\/2024\/12\/Receitas-1-150x150.png 150w\" sizes=\"(max-width: 300px) 100vw, 300px\" \/>\t\t\t\t\t\t\t\t\t\t\t\t\t<\/div>\n\t\t\t\t<\/div>\n\t\t\t\t<\/div>\n\t\t\t\t<div class=\"elementor-element elementor-element-3108f693 elementor-widget elementor-widget-heading\" data-id=\"3108f693\" data-element_type=\"widget\" data-widget_type=\"heading.default\">\n\t\t\t\t<div class=\"elementor-widget-container\">\n\t\t\t<h2 class=\"elementor-heading-title elementor-size-default\">Receitas<\/h2>\t\t<\/div>\n\t\t\t\t<\/div>\n\t\t\t\t<div class=\"elementor-element elementor-element-5b7c647c elementor-widget elementor-widget-heading\" data-id=\"5b7c647c\" data-element_type=\"widget\" data-widget_type=\"heading.default\">\n\t\t\t\t<div class=\"elementor-widget-container\">\n\t\t\t<h2 class=\"elementor-heading-title elementor-size-default\"><a href=\"https:\/\/drive.google.com\/drive\/folders\/1hDNGGIlw-0imDcDxGDA9PpFG7K6u3jmv?usp=drive_link\">Registro detalhado das fontes de arrecada\u00e7\u00e3o que sustentam nossas atividades.<\/a><\/h2>\t\t<\/div>\n\t\t\t\t<\/div>\n\t\t\t\t\t<\/div>\n\t\t\t\t<\/div>\n\t\t<div class=\"elementor-element elementor-element-703e7f4 e-flex e-con-boxed e-con e-child\" data-id=\"703e7f4\" data-element_type=\"container\" data-settings=\"{&quot;background_background&quot;:&quot;classic&quot;}\">\n\t\t\t\t\t<div class=\"e-con-inner\">\n\t\t<div class=\"elementor-element elementor-element-17decffd e-con-full e-flex e-con e-child\" data-id=\"17decffd\" data-element_type=\"container\">\n\t\t\t\t<div class=\"elementor-element elementor-element-36a11080 elementor-widget__width-initial elementor-widget elementor-widget-image\" data-id=\"36a11080\" data-element_type=\"widget\" data-widget_type=\"image.default\">\n\t\t\t\t<div class=\"elementor-widget-container\">\n\t\t\t\t\t\t\t\t\t\t\t\t\t<img decoding=\"async\" width=\"300\" height=\"300\" src=\"http:\/\/ceriso.com.br\/wp-content\/uploads\/2024\/12\/Despesas.png\" class=\"elementor-animation-grow attachment-full size-full wp-image-314\" alt=\"\" srcset=\"http:\/\/ceriso.com.br\/wp-content\/uploads\/2024\/12\/Despesas.png 300w, http:\/\/ceriso.com.br\/wp-content\/uploads\/2024\/12\/Despesas-150x150.png 150w\" sizes=\"(max-width: 300px) 100vw, 300px\" \/>\t\t\t\t\t\t\t\t\t\t\t\t\t<\/div>\n\t\t\t\t<\/div>\n\t\t\t\t<\/div>\n\t\t\t\t<div class=\"elementor-element elementor-element-ed8f0ef elementor-widget elementor-widget-heading\" data-id=\"ed8f0ef\" data-element_type=\"widget\" data-widget_type=\"heading.default\">\n\t\t\t\t<div class=\"elementor-widget-container\">\n\t\t\t<h2 class=\"elementor-heading-title elementor-size-default\">Despesas<\/h2>\t\t<\/div>\n\t\t\t\t<\/div>\n\t\t\t\t<div class=\"elementor-element elementor-element-4053b202 elementor-widget elementor-widget-heading\" data-id=\"4053b202\" data-element_type=\"widget\" data-widget_type=\"heading.default\">\n\t\t\t\t<div class=\"elementor-widget-container\">\n\t\t\t<h2 class=\"elementor-heading-title elementor-size-default\"><a href=\"https:\/\/drive.google.com\/drive\/folders\/1qH154wRn8HhMw5q7WLrnS4_gw_TXV3iY?usp=drive_link\">Transpar\u00eancia na aplica\u00e7\u00e3o dos recursos para o desenvolvimento das a\u00e7\u00f5es.<\/a><\/h2>\t\t<\/div>\n\t\t\t\t<\/div>\n\t\t\t\t\t<\/div>\n\t\t\t\t<\/div>\n\t\t<div class=\"elementor-element elementor-element-540b6501 e-flex e-con-boxed e-con e-child\" data-id=\"540b6501\" data-element_type=\"container\" data-settings=\"{&quot;background_background&quot;:&quot;classic&quot;}\">\n\t\t\t\t\t<div class=\"e-con-inner\">\n\t\t<div class=\"elementor-element elementor-element-1f5de1e e-con-full e-flex e-con e-child\" data-id=\"1f5de1e\" data-element_type=\"container\">\n\t\t\t\t<div class=\"elementor-element elementor-element-7aae83ad elementor-widget__width-initial elementor-widget elementor-widget-image\" data-id=\"7aae83ad\" data-element_type=\"widget\" data-widget_type=\"image.default\">\n\t\t\t\t<div class=\"elementor-widget-container\">\n\t\t\t\t\t\t\t\t\t\t\t\t\t<img decoding=\"async\" width=\"300\" height=\"300\" src=\"http:\/\/ceriso.com.br\/wp-content\/uploads\/2024\/12\/Prestacao-de-Contas.png\" class=\"elementor-animation-grow attachment-full size-full wp-image-315\" alt=\"\" srcset=\"http:\/\/ceriso.com.br\/wp-content\/uploads\/2024\/12\/Prestacao-de-Contas.png 300w, http:\/\/ceriso.com.br\/wp-content\/uploads\/2024\/12\/Prestacao-de-Contas-150x150.png 150w\" sizes=\"(max-width: 300px) 100vw, 300px\" \/>\t\t\t\t\t\t\t\t\t\t\t\t\t<\/div>\n\t\t\t\t<\/div>\n\t\t\t\t<\/div>\n\t\t\t\t<div class=\"elementor-element elementor-element-40676959 elementor-widget elementor-widget-heading\" data-id=\"40676959\" data-element_type=\"widget\" data-widget_type=\"heading.default\">\n\t\t\t\t<div class=\"elementor-widget-container\">\n\t\t\t<h2 class=\"elementor-heading-title elementor-size-default\">Presta\u00e7\u00e3o de Contas \n<\/h2>\t\t<\/div>\n\t\t\t\t<\/div>\n\t\t\t\t<div class=\"elementor-element elementor-element-5345455e elementor-widget elementor-widget-heading\" data-id=\"5345455e\" data-element_type=\"widget\" data-widget_type=\"heading.default\">\n\t\t\t\t<div class=\"elementor-widget-container\">\n\t\t\t<h2 class=\"elementor-heading-title elementor-size-default\"><a href=\"https:\/\/drive.google.com\/drive\/folders\/1bHeagKXaiRRNr7EuTBMLocDoYoDj7Xjj?usp=drive_link\">Demonstra\u00e7\u00e3o clara e objetiva da gest\u00e3o dos recursos p\u00fablicos.\n<\/a><\/h2>\t\t<\/div>\n\t\t\t\t<\/div>\n\t\t\t\t\t<\/div>\n\t\t\t\t<\/div>\n\t\t<div class=\"elementor-element elementor-element-3e261cd6 e-flex e-con-boxed e-con e-child\" data-id=\"3e261cd6\" data-element_type=\"container\" data-settings=\"{&quot;background_background&quot;:&quot;classic&quot;}\">\n\t\t\t\t\t<div class=\"e-con-inner\">\n\t\t<div class=\"elementor-element elementor-element-12762c0c e-con-full e-flex e-con e-child\" data-id=\"12762c0c\" data-element_type=\"container\">\n\t\t\t\t<div class=\"elementor-element elementor-element-62050698 elementor-widget__width-initial elementor-widget elementor-widget-image\" data-id=\"62050698\" data-element_type=\"widget\" data-widget_type=\"image.default\">\n\t\t\t\t<div class=\"elementor-widget-container\">\n\t\t\t\t\t\t\t\t\t\t\t\t\t<img loading=\"lazy\" decoding=\"async\" width=\"300\" height=\"300\" src=\"http:\/\/ceriso.com.br\/wp-content\/uploads\/2024\/12\/balancetes.png\" class=\"elementor-animation-grow attachment-full size-full wp-image-316\" alt=\"\" srcset=\"http:\/\/ceriso.com.br\/wp-content\/uploads\/2024\/12\/balancetes.png 300w, http:\/\/ceriso.com.br\/wp-content\/uploads\/2024\/12\/balancetes-150x150.png 150w\" sizes=\"(max-width: 300px) 100vw, 300px\" \/>\t\t\t\t\t\t\t\t\t\t\t\t\t<\/div>\n\t\t\t\t<\/div>\n\t\t\t\t<\/div>\n\t\t\t\t<div class=\"elementor-element elementor-element-4b54e4bb elementor-widget elementor-widget-heading\" data-id=\"4b54e4bb\" data-element_type=\"widget\" data-widget_type=\"heading.default\">\n\t\t\t\t<div class=\"elementor-widget-container\">\n\t\t\t<h2 class=\"elementor-heading-title elementor-size-default\">Balancetes<\/h2>\t\t<\/div>\n\t\t\t\t<\/div>\n\t\t\t\t<div class=\"elementor-element elementor-element-4dd51f45 elementor-widget elementor-widget-heading\" data-id=\"4dd51f45\" data-element_type=\"widget\" data-widget_type=\"heading.default\">\n\t\t\t\t<div class=\"elementor-widget-container\">\n\t\t\t<h2 class=\"elementor-heading-title elementor-size-default\"><a href=\"https:\/\/drive.google.com\/drive\/folders\/1w3G8RYlwLjnrecvBezFD-uzxC4VMnHQ5?usp=drive_link\">Relat\u00f3rios que apresentam o equil\u00edbrio financeiro e a responsabilidade na gest\u00e3o.\n\n<\/a><\/h2>\t\t<\/div>\n\t\t\t\t<\/div>\n\t\t\t\t\t<\/div>\n\t\t\t\t<\/div>\n\t\t<div class=\"elementor-element elementor-element-7b2cee27 e-flex e-con-boxed e-con e-child\" data-id=\"7b2cee27\" data-element_type=\"container\" data-settings=\"{&quot;background_background&quot;:&quot;classic&quot;}\">\n\t\t\t\t\t<div class=\"e-con-inner\">\n\t\t<div class=\"elementor-element elementor-element-9ea675b e-con-full e-flex e-con e-child\" data-id=\"9ea675b\" data-element_type=\"container\">\n\t\t\t\t<div class=\"elementor-element elementor-element-19aedea4 elementor-widget__width-initial elementor-widget elementor-widget-image\" data-id=\"19aedea4\" data-element_type=\"widget\" data-widget_type=\"image.default\">\n\t\t\t\t<div class=\"elementor-widget-container\">\n\t\t\t\t\t\t\t\t\t\t\t\t\t<img loading=\"lazy\" decoding=\"async\" width=\"300\" height=\"300\" src=\"http:\/\/ceriso.com.br\/wp-content\/uploads\/2024\/12\/contratos-adm.png\" class=\"elementor-animation-grow attachment-full size-full wp-image-317\" alt=\"\" srcset=\"http:\/\/ceriso.com.br\/wp-content\/uploads\/2024\/12\/contratos-adm.png 300w, http:\/\/ceriso.com.br\/wp-content\/uploads\/2024\/12\/contratos-adm-150x150.png 150w\" sizes=\"(max-width: 300px) 100vw, 300px\" \/>\t\t\t\t\t\t\t\t\t\t\t\t\t<\/div>\n\t\t\t\t<\/div>\n\t\t\t\t<\/div>\n\t\t\t\t<div class=\"elementor-element elementor-element-72c4fa2a elementor-widget elementor-widget-heading\" data-id=\"72c4fa2a\" data-element_type=\"widget\" data-widget_type=\"heading.default\">\n\t\t\t\t<div class=\"elementor-widget-container\">\n\t\t\t<h2 class=\"elementor-heading-title elementor-size-default\">Contratos<\/h2>\t\t<\/div>\n\t\t\t\t<\/div>\n\t\t\t\t<div class=\"elementor-element elementor-element-25207376 elementor-widget elementor-widget-heading\" data-id=\"25207376\" data-element_type=\"widget\" data-widget_type=\"heading.default\">\n\t\t\t\t<div class=\"elementor-widget-container\">\n\t\t\t<h2 class=\"elementor-heading-title elementor-size-default\"><a href=\"https:\/\/drive.google.com\/drive\/folders\/1hgHh3K52-DpraI0VoLFTtnSrjjYsfhqY?usp=drive_link\">Documentos que formalizam acordos para a execu\u00e7\u00e3o de servi\u00e7os essenciais.\n\n<\/a><\/h2>\t\t<\/div>\n\t\t\t\t<\/div>\n\t\t\t\t\t<\/div>\n\t\t\t\t<\/div>\n\t\t<div class=\"elementor-element elementor-element-aa3ec58 e-con-full e-flex e-con e-child\" data-id=\"aa3ec58\" data-element_type=\"container\" data-settings=\"{&quot;background_background&quot;:&quot;classic&quot;}\">\n\t\t<div class=\"elementor-element elementor-element-b055cd0 e-con-full e-flex e-con e-child\" data-id=\"b055cd0\" data-element_type=\"container\">\n\t\t\t\t<div class=\"elementor-element elementor-element-929c551 elementor-widget__width-initial elementor-widget elementor-widget-image\" data-id=\"929c551\" data-element_type=\"widget\" data-widget_type=\"image.default\">\n\t\t\t\t<div class=\"elementor-widget-container\">\n\t\t\t\t\t\t\t\t\t\t\t\t\t<img loading=\"lazy\" decoding=\"async\" width=\"300\" height=\"300\" src=\"http:\/\/ceriso.com.br\/wp-content\/uploads\/2024\/12\/contratos-adm.png\" class=\"elementor-animation-grow attachment-full size-full wp-image-317\" alt=\"\" srcset=\"http:\/\/ceriso.com.br\/wp-content\/uploads\/2024\/12\/contratos-adm.png 300w, http:\/\/ceriso.com.br\/wp-content\/uploads\/2024\/12\/contratos-adm-150x150.png 150w\" sizes=\"(max-width: 300px) 100vw, 300px\" \/>\t\t\t\t\t\t\t\t\t\t\t\t\t<\/div>\n\t\t\t\t<\/div>\n\t\t\t\t<\/div>\n\t\t\t\t<div class=\"elementor-element elementor-element-dba9a9f elementor-widget elementor-widget-heading\" data-id=\"dba9a9f\" data-element_type=\"widget\" data-widget_type=\"heading.default\">\n\t\t\t\t<div class=\"elementor-widget-container\">\n\t\t\t<h2 class=\"elementor-heading-title elementor-size-default\">Atas de Registro de Pre\u00e7os<\/h2>\t\t<\/div>\n\t\t\t\t<\/div>\n\t\t\t\t<div class=\"elementor-element elementor-element-07344e9 elementor-widget elementor-widget-heading\" data-id=\"07344e9\" data-element_type=\"widget\" data-widget_type=\"heading.default\">\n\t\t\t\t<div class=\"elementor-widget-container\">\n\t\t\t<h2 class=\"elementor-heading-title elementor-size-default\"><a href=\"https:\/\/drive.google.com\/drive\/folders\/1xHEV1p2otSV9QZ40oVs8bdCDsaNKHx3E?usp=drive_link\">Atas de registro de pre\u00e7os para atender \u00e0s demandas do Cons\u00f3rcio e dos entes consorciados.\n<\/a><\/h2>\t\t<\/div>\n\t\t\t\t<\/div>\n\t\t\t\t<\/div>\n\t\t<div class=\"elementor-element elementor-element-222cd1f5 e-flex e-con-boxed e-con e-child\" data-id=\"222cd1f5\" data-element_type=\"container\" data-settings=\"{&quot;background_background&quot;:&quot;classic&quot;}\">\n\t\t\t\t\t<div class=\"e-con-inner\">\n\t\t<div class=\"elementor-element elementor-element-210c911a e-con-full e-flex e-con e-child\" data-id=\"210c911a\" data-element_type=\"container\">\n\t\t\t\t<div class=\"elementor-element elementor-element-2de39fb3 elementor-widget__width-initial elementor-widget elementor-widget-image\" data-id=\"2de39fb3\" data-element_type=\"widget\" data-widget_type=\"image.default\">\n\t\t\t\t<div class=\"elementor-widget-container\">\n\t\t\t\t\t\t\t\t\t\t\t\t\t\t<a href=\"https:\/\/drive.google.com\/drive\/folders\/1MRGwmuxMb0APQkrg7qffgpCG9o75JNao?usp=drive_link\">\n\t\t\t\t\t\t\t<img loading=\"lazy\" decoding=\"async\" width=\"300\" height=\"300\" src=\"http:\/\/ceriso.com.br\/wp-content\/uploads\/2024\/12\/contratos-rateio.png\" class=\"elementor-animation-grow attachment-full size-full wp-image-318\" alt=\"\" srcset=\"http:\/\/ceriso.com.br\/wp-content\/uploads\/2024\/12\/contratos-rateio.png 300w, http:\/\/ceriso.com.br\/wp-content\/uploads\/2024\/12\/contratos-rateio-150x150.png 150w\" sizes=\"(max-width: 300px) 100vw, 300px\" \/>\t\t\t\t\t\t\t\t<\/a>\n\t\t\t\t\t\t\t\t\t\t\t\t\t<\/div>\n\t\t\t\t<\/div>\n\t\t\t\t<\/div>\n\t\t\t\t<div class=\"elementor-element elementor-element-75f5e37 elementor-widget elementor-widget-heading\" data-id=\"75f5e37\" data-element_type=\"widget\" data-widget_type=\"heading.default\">\n\t\t\t\t<div class=\"elementor-widget-container\">\n\t\t\t<h2 class=\"elementor-heading-title elementor-size-default\"><a href=\"https:\/\/drive.google.com\/drive\/folders\/1MRGwmuxMb0APQkrg7qffgpCG9o75JNao?usp=drive_link\">Contratos Rateio \n<\/a><\/h2>\t\t<\/div>\n\t\t\t\t<\/div>\n\t\t\t\t<div class=\"elementor-element elementor-element-1943ff18 elementor-widget elementor-widget-heading\" data-id=\"1943ff18\" data-element_type=\"widget\" data-widget_type=\"heading.default\">\n\t\t\t\t<div class=\"elementor-widget-container\">\n\t\t\t<h2 class=\"elementor-heading-title elementor-size-default\"><a href=\"https:\/\/drive.google.com\/drive\/folders\/1MRGwmuxMb0APQkrg7qffgpCG9o75JNao?usp=drive_link\">Compromissos firmados para garantir o uso compartilhado e eficiente dos recursos.<\/a><\/h2>\t\t<\/div>\n\t\t\t\t<\/div>\n\t\t\t\t\t<\/div>\n\t\t\t\t<\/div>\n\t\t<div class=\"elementor-element elementor-element-a21aad0 e-con-full e-flex e-con e-child\" data-id=\"a21aad0\" data-element_type=\"container\" data-settings=\"{&quot;background_background&quot;:&quot;classic&quot;}\">\n\t\t<div class=\"elementor-element elementor-element-5cc892f e-con-full e-flex e-con e-child\" data-id=\"5cc892f\" data-element_type=\"container\">\n\t\t\t\t<div class=\"elementor-element elementor-element-e2909e3 elementor-widget__width-initial elementor-widget elementor-widget-image\" data-id=\"e2909e3\" data-element_type=\"widget\" data-widget_type=\"image.default\">\n\t\t\t\t<div class=\"elementor-widget-container\">\n\t\t\t\t\t\t\t\t\t\t\t\t\t<img loading=\"lazy\" decoding=\"async\" width=\"300\" height=\"300\" src=\"http:\/\/ceriso.com.br\/wp-content\/uploads\/2024\/12\/contratos-rateio.png\" class=\"elementor-animation-grow attachment-full size-full wp-image-318\" alt=\"\" srcset=\"http:\/\/ceriso.com.br\/wp-content\/uploads\/2024\/12\/contratos-rateio.png 300w, http:\/\/ceriso.com.br\/wp-content\/uploads\/2024\/12\/contratos-rateio-150x150.png 150w\" sizes=\"(max-width: 300px) 100vw, 300px\" \/>\t\t\t\t\t\t\t\t\t\t\t\t\t<\/div>\n\t\t\t\t<\/div>\n\t\t\t\t<\/div>\n\t\t\t\t<div class=\"elementor-element elementor-element-97c4965 elementor-widget elementor-widget-heading\" data-id=\"97c4965\" data-element_type=\"widget\" data-widget_type=\"heading.default\">\n\t\t\t\t<div class=\"elementor-widget-container\">\n\t\t\t<h2 class=\"elementor-heading-title elementor-size-default\">Editais de Licita\u00e7\u00e3o<\/h2>\t\t<\/div>\n\t\t\t\t<\/div>\n\t\t\t\t<div class=\"elementor-element elementor-element-774a020 elementor-widget elementor-widget-heading\" data-id=\"774a020\" data-element_type=\"widget\" data-widget_type=\"heading.default\">\n\t\t\t\t<div class=\"elementor-widget-container\">\n\t\t\t<h2 class=\"elementor-heading-title elementor-size-default\"><a href=\"https:\/\/drive.google.com\/drive\/folders\/1I3697IicoZfr8drtm_DmOnMHNnq9KKk2?usp=drive_link\">Processos Licitat\u00f3rios para atender \u00e0s demandas do Cons\u00f3rcio e dos entes consorciados.<\/a><\/h2>\t\t<\/div>\n\t\t\t\t<\/div>\n\t\t\t\t<\/div>\n\t\t\t\t<\/div>\n\t\t\t\t\t<\/div>\n\t\t\t\t<\/div>\n\t\t\t\t<\/div>\n\t\t","protected":false},"excerpt":{"rendered":"<p>Portal da Transpar\u00eancia Para acessar o sistema de transpar\u00eancia em tempo real, clique aqui Transpar\u00eancia P\u00fablica Clareza | Confian\u00e7a | Compromisso Receitas Registro detalhado das fontes de arrecada\u00e7\u00e3o que sustentam nossas atividades. Despesas Transpar\u00eancia na aplica\u00e7\u00e3o dos recursos para o desenvolvimento das a\u00e7\u00f5es. Presta\u00e7\u00e3o de Contas Demonstra\u00e7\u00e3o clara e objetiva da gest\u00e3o dos recursos p\u00fablicos. [&hellip;]<\/p>\n","protected":false},"author":1,"featured_media":0,"parent":0,"menu_order":0,"comment_status":"closed","ping_status":"closed","template":"elementor_header_footer","meta":{"footnotes":""},"class_list":["post-334","page","type-page","status-publish","hentry"],"_links":{"self":[{"href":"https:\/\/ceriso.com.br\/index.php\/wp-json\/wp\/v2\/pages\/334","targetHints":{"allow":["GET"]}}],"collection":[{"href":"https:\/\/ceriso.com.br\/index.php\/wp-json\/wp\/v2\/pages"}],"about":[{"href":"https:\/\/ceriso.com.br\/index.php\/wp-json\/wp\/v2\/types\/page"}],"author":[{"embeddable":true,"href":"https:\/\/ceriso.com.br\/index.php\/wp-json\/wp\/v2\/users\/1"}],"replies":[{"embeddable":true,"href":"https:\/\/ceriso.com.br\/index.php\/wp-json\/wp\/v2\/comments?post=334"}],"version-history":[{"count":40,"href":"https:\/\/ceriso.com.br\/index.php\/wp-json\/wp\/v2\/pages\/334\/revisions"}],"predecessor-version":[{"id":859,"href":"https:\/\/ceriso.com.br\/index.php\/wp-json\/wp\/v2\/pages\/334\/revisions\/859"}],"wp:attachment":[{"href":"https:\/\/ceriso.com.br\/index.php\/wp-json\/wp\/v2\/media?parent=334"}],"curies":[{"name":"wp","href":"https:\/\/api.w.org\/{rel}","templated":true}]}}